{"id":1063,"date":"2024-12-19T21:05:40","date_gmt":"2024-12-19T21:05:40","guid":{"rendered":"https:\/\/krzysztofraczynski.net\/?page_id=1063"},"modified":"2025-09-10T17:56:53","modified_gmt":"2025-09-10T17:56:53","slug":"publications","status":"publish","type":"page","link":"https:\/\/krzysztofraczynski.net\/index.php\/publications\/","title":{"rendered":"Publications"},"content":{"rendered":"\n<h2 class=\"wp-block-heading has-text-align-center has-inter-font-family has-ktj-font-medium-font-size\" style=\"margin-top:var(--wp--preset--spacing--medium);margin-bottom:var(--wp--preset--spacing--medium);padding-top:var(--wp--preset--spacing--medium);padding-bottom:var(--wp--preset--spacing--medium);font-style:normal;font-weight:700\">Publications<\/h2>\n\n\n\n<p class=\"has-text-align-center\"><strong>Raczy\u0144ski <\/strong>K., Dyer J., 2024, Harmonic Oscillator Seasonal-trend Model for Analyzing the Reoccurring Nature of Extreme Events. SoftwareX, 27, 101771, <a href=\"https:\/\/doi.org\/10.1016\/j.softx.2024.101771\" target=\"_blank\" rel=\"noopener\" title=\"\">10.1016\/j.softx.2024.101771<\/a><\/p>\n\n\n\n<hr class=\"wp-block-separator has-text-color has-alpha-channel-opacity has-background is-style-dots\" style=\"margin-top:var(--wp--preset--spacing--xx-small);margin-bottom:var(--wp--preset--spacing--xx-small);background-color:#d6c69a;color:#d6c69a\"\/>\n\n\n\n<p class=\"has-text-align-center\"><strong>Raczy\u0144ski <\/strong>K., Dyer J., 2024, Utilizing waveform synthesis in harmonic oscillator seasonal trend model for short- and long-term streamflow drought modeling and forecasting. Journal of Hydroinformatics, jh2024229, <a href=\"https:\/\/doi.org\/10.2166\/hydro.2024.229\" target=\"_blank\" rel=\"noopener\" title=\"\">10.2166\/hydro.2024.229<\/a><\/p>\n\n\n\n<hr class=\"wp-block-separator has-text-color has-alpha-channel-opacity has-background is-style-dots\" style=\"margin-top:var(--wp--preset--spacing--xx-small);margin-bottom:var(--wp--preset--spacing--xx-small);background-color:#d6c69a;color:#d6c69a\"\/>\n\n\n\n<p class=\"has-text-align-center\">Lehmann-Konera S., Ruman M., Frankowski M., Ma\u0142arzewski \u0141., <strong>Raczy\u0144ski <\/strong>K., Pawlak F., J\u00f3\u017awik J., Potapowicz J., Polkowska Z., 2024, Short-Term Observations of Rainfall Chemistry Composition in Bellsund (SW Spitsbergen, Svalbard). Water, 16, 299, <a href=\"https:\/\/doi.org\/10.3390\/w16020299\" target=\"_blank\" rel=\"noopener\" title=\"\">10.3390\/w16020299<\/a><\/p>\n\n\n\n<hr class=\"wp-block-separator has-text-color has-alpha-channel-opacity has-background is-style-dots\" style=\"margin-top:var(--wp--preset--spacing--xx-small);margin-bottom:var(--wp--preset--spacing--xx-small);background-color:#d6c69a;color:#d6c69a\"\/>\n\n\n\n<p class=\"has-text-align-center\">Lehmann-Konera S., Zag\u00f3rski P., Franczak \u0141., <strong>Raczy\u0144ski <\/strong>K., Al Bakain R., Nowi\u0144ski K., Frankowski M., Dobek M., Ruman M., Szumi\u0144ska D., Polkowska \u017b., 2024, Spatial variability of the hydrochemistry of shallow groundwaters and surface waters of the Rensdyrbekken: A case study of a permafrost catchment in Bellsund (SW Spitsbergen, Svalbard). Land Degradation and Development, 1-14, <a href=\"https:\/\/doi.org\/10.1002\/ldr.5028\" target=\"_blank\" rel=\"noopener\" title=\"\">10.1002\/ldr.5028<\/a><\/p>\n\n\n\n<hr class=\"wp-block-separator has-text-color has-alpha-channel-opacity has-background is-style-dots\" style=\"margin-top:var(--wp--preset--spacing--xx-small);margin-bottom:var(--wp--preset--spacing--xx-small);background-color:#d6c69a;color:#d6c69a\"\/>\n\n\n\n<p class=\"has-text-align-center\"><strong>Raczy\u0144ski <\/strong>K., Dyer J., 2023, Changes in Streamflow Drought and Flood Distribution Over Poland Using Trend Decomposition. Acta Geophysica, <a href=\"https:\/\/link.springer.com\/article\/10.1007\/s11600-023-01188-0\" target=\"_blank\" rel=\"noopener\" title=\"\">10.1007\/s11600-023-01188-0<\/a><\/p>\n\n\n\n<hr class=\"wp-block-separator has-text-color has-alpha-channel-opacity has-background is-style-dots\" style=\"margin-top:var(--wp--preset--spacing--xx-small);margin-bottom:var(--wp--preset--spacing--xx-small);background-color:#d6c69a;color:#d6c69a\"\/>\n\n\n\n<p class=\"has-text-align-center\"><strong>Raczy\u0144ski <\/strong>K., Dyer J., 2023, Quantifying patterns of streamflow peaks over the southeastern United States using a long-term retrospective data set. Hydrological Processes, 37(8), e14960, <a href=\"https:\/\/doi.org\/10.1002\/hyp.14960\" target=\"_blank\" rel=\"noopener\" title=\"\">10.1002\/hyp.14960<\/a><\/p>\n\n\n\n<hr class=\"wp-block-separator has-text-color has-alpha-channel-opacity has-background is-style-dots\" style=\"margin-top:var(--wp--preset--spacing--xx-small);margin-bottom:var(--wp--preset--spacing--xx-small);background-color:#d6c69a;color:#d6c69a\"\/>\n\n\n\n<p class=\"has-text-align-center\"><strong>Raczy\u0144ski <\/strong>K., Dyer J., 2023, Harmonic Oscillator Seasonal Trend (HOST) Model for Hydrological Drought Pattern Identification and Analysis. Journal of Hydrology, 620(B), 129514, <a href=\"https:\/\/doi.org\/10.1016\/j.jhydrol.2023.129514\" target=\"_blank\" rel=\"noopener\" title=\"\">10.1016\/j.jhydrol.2023.129514<\/a><\/p>\n\n\n\n<hr class=\"wp-block-separator has-text-color has-alpha-channel-opacity has-background is-style-dots\" style=\"margin-top:var(--wp--preset--spacing--xx-small);margin-bottom:var(--wp--preset--spacing--xx-small);background-color:#d6c69a;color:#d6c69a\"\/>\n\n\n\n<p class=\"has-text-align-center\"><strong>Raczy\u0144ski <\/strong>K., Dyer J., 2022, Variability of Annual and Monthly Streamflow Droughts over the Southeastern United States. Water, 14, 3848, <a href=\"https:\/\/doi.org\/10.3390\/w14233848\" target=\"_blank\" rel=\"noopener\" title=\"\">10.3390\/w14233848<\/a><\/p>\n\n\n\n<hr class=\"wp-block-separator has-text-color has-alpha-channel-opacity has-background is-style-dots\" style=\"margin-top:var(--wp--preset--spacing--xx-small);margin-bottom:var(--wp--preset--spacing--xx-small);background-color:#d6c69a;color:#d6c69a\"\/>\n\n\n\n<p class=\"has-text-align-center\"><strong>Raczy\u0144ski <\/strong>K., Dyer J., 2022, Development of an Objective Low Flow Identification Method Using Breakpoint Analysis. Water, 14(14), 2212, <a href=\"https:\/\/doi.org\/10.3390\/w14142212\" target=\"_blank\" rel=\"noopener\" title=\"\">10.3390\/w14142212<\/a><\/p>\n\n\n\n<hr class=\"wp-block-separator has-text-color has-alpha-channel-opacity has-background is-style-dots\" style=\"margin-top:var(--wp--preset--spacing--xx-small);margin-bottom:var(--wp--preset--spacing--xx-small);background-color:#d6c69a;color:#d6c69a\"\/>\n\n\n\n<p class=\"has-text-align-center\">Dyer J., Mercer A., <strong>Raczy\u0144ski <\/strong>K., 2022, Identifying Spatial Patterns of Hydrologic Drought over the Southeast US Using Retrospective National Water Model Simulations. Water, 14(10), 1525, <a href=\"https:\/\/doi.org\/10.3390\/w14101525\" target=\"_blank\" rel=\"noopener\" title=\"\">10.3390\/w14101525<\/a><\/p>\n\n\n\n<hr class=\"wp-block-separator has-text-color has-alpha-channel-opacity has-background is-style-dots\" style=\"margin-top:var(--wp--preset--spacing--xx-small);margin-bottom:var(--wp--preset--spacing--xx-small);background-color:#d6c69a;color:#d6c69a\"\/>\n\n\n\n<p class=\"has-text-align-center\">Lehmann-Konera S., Ruman M., Frankowski M., Ma\u0142arzewski L., <strong>Raczy\u0144ski <\/strong>K., Pawlak F., Kozio\u0142 K., Polkowska Z., 2022, Rainwater chemistry composition in bellsund (SW Spitsbergen, Svalbard), sources of elements and deposition discrepancies in the coastal area. Chemosphere, 137281, <a href=\"https:\/\/doi.org\/10.1016\/j.chemosphere.2022.137281\" target=\"_blank\" rel=\"noopener\" title=\"\">10.1016\/j.chemosphere.2022.137281<\/a><\/p>\n\n\n\n<hr class=\"wp-block-separator has-text-color has-alpha-channel-opacity has-background is-style-dots\" style=\"margin-top:var(--wp--preset--spacing--xx-small);margin-bottom:var(--wp--preset--spacing--xx-small);background-color:#d6c69a;color:#d6c69a\"\/>\n\n\n\n<p class=\"has-text-align-center\">Lehmann-Konera S., Ruman M., Frankowski M., Ma\u0142arzewski L., <strong>Raczy\u0144ski <\/strong>K., Pawlak F., Polkowska Z., 2022, Rainfall Chemistry Composition in Bellsund (Sw Spitsbergen, Svalbard). Part 1: Sources of Elements and Deposition Discrepancies in the Coastal Area. SSRN, <a href=\"https:\/\/papers.ssrn.com\/sol3\/papers.cfm?abstract_id=4181339\" target=\"_blank\" rel=\"noopener\" title=\"\">10.2139\/ssrn.4181339<\/a><\/p>\n\n\n\n<hr class=\"wp-block-separator has-text-color has-alpha-channel-opacity has-background is-style-dots\" style=\"margin-top:var(--wp--preset--spacing--xx-small);margin-bottom:var(--wp--preset--spacing--xx-small);background-color:#d6c69a;color:#d6c69a\"\/>\n\n\n\n<p class=\"has-text-align-center\">Lehmann-Konera S., Ruman M., Frankowski M., Ma\u0142arzewski L., <strong>Raczy\u0144ski <\/strong>K., Pawlak F., Polkowska Z., 2022, Rainfall Chemistry Composition in Bellsund (Sw Spitsbergen, Svalbard). Part 2: Elements Origin and Transport. SSRN, <a href=\"https:\/\/papers.ssrn.com\/sol3\/papers.cfm?abstract_id=4195357\" target=\"_blank\" rel=\"noopener\" title=\"\">10.2139\/ssrn.4195357<\/a><\/p>\n\n\n\n<hr class=\"wp-block-separator has-text-color has-alpha-channel-opacity has-background is-style-dots\" style=\"margin-top:var(--wp--preset--spacing--xx-small);margin-bottom:var(--wp--preset--spacing--xx-small);background-color:#d6c69a;color:#d6c69a\"\/>\n\n\n\n<p class=\"has-text-align-center\"><strong>Raczy\u0144ski <\/strong>K., Dyer J., 2021, Simulating low flows over a heterogeneous landscape in southeastern Poland. Hydrological Processes, 35(8), e14322, <a href=\"https:\/\/doi.org\/10.1002\/hyp.14322\" target=\"_blank\" rel=\"noopener\" title=\"\">10.1002\/hyp.14322<\/a><\/p>\n\n\n\n<hr class=\"wp-block-separator has-text-color has-alpha-channel-opacity has-background is-style-dots\" style=\"margin-top:var(--wp--preset--spacing--xx-small);margin-bottom:var(--wp--preset--spacing--xx-small);background-color:#d6c69a;color:#d6c69a\"\/>\n\n\n\n<p class=\"has-text-align-center\"><strong>Raczy\u0144ski <\/strong>K., 2020, Influence of a Multipurpose Retention Reservoir on Extreme River Flows, a Case Study of the Nielisz Reservoir on the Wieprz River (Eastern Poland). Water Resources, 47, 29\u201340, <a href=\"https:\/\/doi.org\/10.1134\/S0097807820010091\" target=\"_blank\" rel=\"noopener\" title=\"\">10.1134\/S0097807820010091<\/a><\/p>\n\n\n\n<hr class=\"wp-block-separator has-text-color has-alpha-channel-opacity has-background is-style-dots\" style=\"margin-top:var(--wp--preset--spacing--xx-small);margin-bottom:var(--wp--preset--spacing--xx-small);background-color:#d6c69a;color:#d6c69a\"\/>\n\n\n\n<p class=\"has-text-align-center\"><strong>Raczy\u0144ski <\/strong>K., Dyer J., 2020, Multi-annual and seasonal variability of low-flow river conditions in southeastern Poland. Hydrological Sciences Journal, 65:15, 2561-2576, <a href=\"https:\/\/doi.org\/10.1080\/02626667.2020.1826491\" target=\"_blank\" rel=\"noopener\" title=\"\">10.1080\/02626667.2020.1826491<\/a><\/p>\n\n\n\n<hr class=\"wp-block-separator has-text-color has-alpha-channel-opacity has-background is-style-dots\" style=\"margin-top:var(--wp--preset--spacing--xx-small);margin-bottom:var(--wp--preset--spacing--xx-small);background-color:#d6c69a;color:#d6c69a\"\/>\n\n\n\n<p class=\"has-text-align-center\">Ferencz B., Dawidek J., Toporowska M., <strong>Raczy\u0144ski <\/strong>K., 2020, Environmental implications of potamophases duration and concentration period in the floodplain lakes of the Bug River valley. Science of The Total Environment, Volume 746, 2020, 141108, <a href=\"https:\/\/doi.org\/10.1016\/j.scitotenv.2020.141108\" target=\"_blank\" rel=\"noopener\" title=\"10.1016\/j.scitotenv.2020.141108\">10.1016\/j.scitotenv.2020.141108<\/a><\/p>\n\n\n\n<hr class=\"wp-block-separator has-text-color has-alpha-channel-opacity has-background is-style-dots\" style=\"margin-top:var(--wp--preset--spacing--xx-small);margin-bottom:var(--wp--preset--spacing--xx-small);background-color:#d6c69a;color:#d6c69a\"\/>\n\n\n\n<p class=\"has-text-align-center\"><strong>Raczy\u0144ski <\/strong>K., 2018, Nielisz Reservoir&#8217;s impact on the Wieprz River low flows alignment. Gospodarka Wodna, 7, 197-200<\/p>\n\n\n\n<hr class=\"wp-block-separator has-text-color has-alpha-channel-opacity has-background is-style-dots\" style=\"margin-top:var(--wp--preset--spacing--xx-small);margin-bottom:var(--wp--preset--spacing--xx-small);background-color:#d6c69a;color:#d6c69a\"\/>\n\n\n\n<p class=\"has-text-align-center\">Baran-Gurgul K., <strong>Raczy\u0144ski <\/strong>K., 2017, Dynamics of low flows in mountain and upland rivers on the example of Wis\u0142oka and upper Wieprz. part 2: Long-term volatility. Woda-\u015arodowisko-Obszary Wiejskie, 17, 1:57, 5-17<\/p>\n\n\n\n<hr class=\"wp-block-separator has-text-color has-alpha-channel-opacity has-background is-style-dots\" style=\"margin-top:var(--wp--preset--spacing--xx-small);margin-bottom:var(--wp--preset--spacing--xx-small);background-color:#d6c69a;color:#d6c69a\"\/>\n\n\n\n<p class=\"has-text-align-center\">Baran-Gurgul K., <strong>Raczy\u0144ski <\/strong>K., 2016, Dynamics of low flows in mountain and upland rivers on the example of Wis\u0142oka and upper Wieprz part 1: Seasonality. Woda-\u015arodowisko-Obszary Wiejskie, 16, 4\/56, 17-31<\/p>\n\n\n\n<hr class=\"wp-block-separator has-text-color has-alpha-channel-opacity has-background is-style-dots\" style=\"margin-top:var(--wp--preset--spacing--xx-small);margin-bottom:var(--wp--preset--spacing--xx-small);background-color:#d6c69a;color:#d6c69a\"\/>\n\n\n\n<p class=\"has-text-align-center\">Baran-Gurgul K., <strong>Raczy\u0144ski <\/strong>K., 2016, Low flows in mountain and upland catchments on the example of Wis\u0142oka and Wieprz Rivers. Przegl\u0105d Naukowy In\u017cynieria i Kszta\u0142towanie \u015arodowiska, 25\/4, 397-409<\/p>\n\n\n\n<hr class=\"wp-block-separator has-text-color has-alpha-channel-opacity has-background is-style-dots\" style=\"margin-top:var(--wp--preset--spacing--xx-small);margin-bottom:var(--wp--preset--spacing--xx-small);background-color:#d6c69a;color:#d6c69a\"\/>\n\n\n\n<p class=\"has-text-align-center\"><strong>Raczy\u0144ski <\/strong>K., 2015, Methods of separating low flows into independent events on the example of rivers of Eastern Poland . Woda-\u015arodowisko-Obszary Wiejskie, 15, 4\/52, 39-56<\/p>\n\n\n\n<hr class=\"wp-block-separator has-text-color has-alpha-channel-opacity has-background is-style-dots\" style=\"margin-top:var(--wp--preset--spacing--xx-small);margin-bottom:var(--wp--preset--spacing--xx-small);background-color:#d6c69a;color:#d6c69a\"\/>\n\n\n\n<p class=\"has-text-align-center\"><strong>Raczy\u0144ski <\/strong>K., 2015, Thresholds of low flows in the rivers of the Lublin region. Annales Universitatis Mariae Curie-Sklodowska, sectio B \u2013 Geographia, Geologia, Mineralogia et Petrographia, 70\/1, 117-129<\/p>\n\n\n\n<hr class=\"wp-block-separator has-text-color has-alpha-channel-opacity has-background is-style-dots\" style=\"margin-top:var(--wp--preset--spacing--xx-small);margin-bottom:var(--wp--preset--spacing--xx-small);background-color:#d6c69a;color:#d6c69a\"\/>\n\n\n\n<p class=\"has-text-align-center\"><strong>Raczy\u0144ski <\/strong>K., 2015, Low flows in the upper Raba catchment in 1971\u20131981. Monitoring \u015arodowiska Przyrodniczego 17, 73-81<\/p>\n","protected":false},"excerpt":{"rendered":"<p>Publications Raczy\u0144ski K., Dyer J., 2024, Harmonic Oscillator Seasonal-trend Model for Analyzing the Reoccurring Nature of Extreme Events. SoftwareX, 27, 101771, 10.1016\/j.softx.2024.101771 Raczy\u0144ski K., Dyer J., 2024, Utilizing waveform synthesis in harmonic oscillator seasonal trend model for short- and long-term streamflow drought modeling and forecasting. Journal of Hydroinformatics, jh2024229, 10.2166\/hydro.2024.229 Lehmann-Konera S., Ruman M., Frankowski [&hellip;]<\/p>\n","protected":false},"author":1,"featured_media":0,"parent":0,"menu_order":0,"comment_status":"closed","ping_status":"closed","template":"","meta":{"site-container-style":"default","site-container-layout":"default","site-sidebar-layout":"default","site-transparent-header":"default","disable-article-header":"default","disable-site-header":"default","disable-site-footer":"default","disable-content-area-spacing":"default","pgc_sgb_lightbox_settings":"","footnotes":""},"class_list":["post-1063","page","type-page","status-publish","hentry"],"aioseo_notices":[],"_links":{"self":[{"href":"https:\/\/krzysztofraczynski.net\/index.php\/wp-json\/wp\/v2\/pages\/1063","targetHints":{"allow":["GET"]}}],"collection":[{"href":"https:\/\/krzysztofraczynski.net\/index.php\/wp-json\/wp\/v2\/pages"}],"about":[{"href":"https:\/\/krzysztofraczynski.net\/index.php\/wp-json\/wp\/v2\/types\/page"}],"author":[{"embeddable":true,"href":"https:\/\/krzysztofraczynski.net\/index.php\/wp-json\/wp\/v2\/users\/1"}],"replies":[{"embeddable":true,"href":"https:\/\/krzysztofraczynski.net\/index.php\/wp-json\/wp\/v2\/comments?post=1063"}],"version-history":[{"count":4,"href":"https:\/\/krzysztofraczynski.net\/index.php\/wp-json\/wp\/v2\/pages\/1063\/revisions"}],"predecessor-version":[{"id":1307,"href":"https:\/\/krzysztofraczynski.net\/index.php\/wp-json\/wp\/v2\/pages\/1063\/revisions\/1307"}],"wp:attachment":[{"href":"https:\/\/krzysztofraczynski.net\/index.php\/wp-json\/wp\/v2\/media?parent=1063"}],"curies":[{"name":"wp","href":"https:\/\/api.w.org\/{rel}","templated":true}]}}